{"id":945,"date":"2020-01-13T11:17:52","date_gmt":"2020-01-13T11:17:52","guid":{"rendered":"https:\/\/demosites.io\/marketing-agency-gb\/?page_id=5"},"modified":"2026-04-16T15:00:49","modified_gmt":"2026-04-16T18:00:49","slug":"home","status":"publish","type":"page","link":"https:\/\/outk.in\/vagas\/","title":{"rendered":"Home"},"content":{"rendered":"\n<div class=\"wp-block-cover alignfull\" style=\"min-height:724px;aspect-ratio:unset;\"><img loading=\"lazy\" decoding=\"async\" width=\"1640\" height=\"922\" class=\"wp-block-cover__image-background wp-image-608\" alt=\"\" src=\"https:\/\/outk.in\/vagas\/wp-content\/uploads\/2024\/05\/neve-hero-2.png\" style=\"object-position:50% 72%\" data-object-fit=\"cover\" data-object-position=\"50% 72%\" srcset=\"https:\/\/outk.in\/vagas\/wp-content\/uploads\/2024\/05\/neve-hero-2.png 1640w, https:\/\/outk.in\/vagas\/wp-content\/uploads\/2024\/05\/neve-hero-2-300x169.png 300w\" sizes=\"auto, (max-width: 1640px) 100vw, 1640px\" \/><span aria-hidden=\"true\" class=\"wp-block-cover__background has-background-dim-0 has-background-dim\"><\/span><div class=\"wp-block-cover__inner-container is-layout-flow wp-block-cover-is-layout-flow\">\n<div class=\"wp-block-columns are-vertically-aligned-center is-layout-flex wp-container-core-columns-is-layout-9d6595d7 wp-block-columns-is-layout-flex\">\n<div class=\"wp-block-column is-vertically-aligned-center is-layout-flow wp-block-column-is-layout-flow\" style=\"padding-right:var(--wp--preset--spacing--20);padding-left:var(--wp--preset--spacing--20);flex-basis:65%\">\n<h1 class=\"wp-block-heading has-text-align-center has-nv-text-dark-bg-color has-text-color\" style=\"font-size:61px\">Sucesso \u00e9 uma decis\u00e3o.<\/h1>\n\n\n\n<p class=\"has-text-align-center has-nv-text-dark-bg-color has-text-color\" style=\"font-size:32px\">Estamos recrutando terapeutas t\u00e2ntricas para trabalharem em nossa unidade.<\/p>\n<\/div>\n\n\n\n<div class=\"wp-block-column is-vertically-aligned-center is-layout-flow wp-block-column-is-layout-flow\">\n<figure class=\"wp-block-image size-full\"><img loading=\"lazy\" decoding=\"async\" width=\"1020\" height=\"1458\" src=\"https:\/\/outk.in\/vagas\/wp-content\/uploads\/2024\/05\/person-hero-2.png\" alt=\"\" class=\"wp-image-868\" srcset=\"https:\/\/outk.in\/vagas\/wp-content\/uploads\/2024\/05\/person-hero-2.png 1020w, https:\/\/outk.in\/vagas\/wp-content\/uploads\/2024\/05\/person-hero-2-210x300.png 210w\" sizes=\"auto, (max-width: 1020px) 100vw, 1020px\" \/><\/figure>\n<\/div>\n<\/div>\n<\/div><\/div>\n\n\n\n<div class=\"wp-block-cover alignfull has-neve-text-color-color has-text-color has-link-color wp-elements-b82d6581dccd33f9f41fbcd83440cbc5\" style=\"padding-top:var(--wp--preset--spacing--80);padding-bottom:var(--wp--preset--spacing--80);min-height:600px;aspect-ratio:unset;\"><span aria-hidden=\"true\" class=\"wp-block-cover__background has-background-dim-80 has-background-dim has-background-gradient\" style=\"background:linear-gradient(211deg,rgb(252,185,0) 0%,rgb(255,105,0) 100%)\"><\/span><div class=\"wp-block-cover__inner-container is-layout-flow wp-block-cover-is-layout-flow\">\n<div class=\"wp-block-group\"><div class=\"wp-block-group__inner-container is-layout-flow wp-block-group-is-layout-flow\">\n<div class=\"wp-block-columns is-layout-flex wp-container-core-columns-is-layout-9d6595d7 wp-block-columns-is-layout-flex\">\n<div class=\"wp-block-column is-layout-flow wp-block-column-is-layout-flow\" style=\"padding-right:0;padding-left:0;flex-basis:20%\">\n<div class=\"wp-block-group is-vertical is-content-justification-center is-layout-flex wp-container-core-group-is-layout-4b2eccd6 wp-block-group-is-layout-flex\"><\/div>\n<\/div>\n\n\n\n<div class=\"wp-block-column is-layout-flow wp-block-column-is-layout-flow\" style=\"flex-basis:60%\">\n<h2 class=\"wp-block-heading has-text-align-center\">SOBRE N\u00d3S<\/h2>\n\n\n\n<p><\/p>\n\n\n\n<p class=\"has-text-align-center\">Somos um centro especializado em massagens\u00a0t\u00e2ntricas localizado no nobre bairro de Moema na cidade de S\u00e3o Paulo.\u200b<\/p>\n\n\n\n<p class=\"has-text-align-center\">Trabalhamos o tantra de maneira genu\u00edna e verdadeira atrav\u00e9s de rituais espec\u00edficos.<\/p>\n\n\n\n<p><\/p>\n<p class=\"has-text-align-center\" style=\"text-align: center;\"><strong>Nossas sess\u00f5es s\u00e3o terap\u00eauticas e sem conota\u00e7\u00e3o sexual.\u200b<\/strong><\/p>\n<p><\/p>\n\n\n\n<p class=\"has-text-align-center\">Estamos recrutando terapeutas t\u00e2ntricas para trabalharem em nossa unidade, oferecemos altos ganhos e crescimento profissional, favor ler com aten\u00e7\u00e3o todos os detalhes da vaga e caso preencha os pr\u00e9-requisitos envie seus dados&nbsp; com fotos atrav\u00e9s do NOSSO WHATSAPP (11) 983629633.<\/p>\n<\/div>\n\n\n\n<div class=\"wp-block-column is-layout-flow wp-block-column-is-layout-flow\" style=\"flex-basis:20%\">\n<div class=\"wp-block-group is-vertical is-content-justification-center is-layout-flex wp-container-core-group-is-layout-4b2eccd6 wp-block-group-is-layout-flex\"><\/div>\n<\/div>\n<\/div>\n\n\n\n<div class=\"wp-block-columns are-vertically-aligned-center is-layout-flex wp-container-core-columns-is-layout-9d6595d7 wp-block-columns-is-layout-flex\">\n<div class=\"wp-block-column is-vertically-aligned-center is-layout-flow wp-block-column-is-layout-flow\" style=\"padding-right:var(--wp--preset--spacing--30);padding-left:var(--wp--preset--spacing--30);flex-basis:33.34%\">\n<figure class=\"wp-block-image size-full has-custom-border\"><img loading=\"lazy\" decoding=\"async\" width=\"600\" height=\"600\" src=\"https:\/\/outk.in\/vagas\/wp-content\/uploads\/2024\/05\/neve-marketing-agency-15.png\" alt=\"\" class=\"wp-image-708\" style=\"border-radius:16px\" srcset=\"https:\/\/outk.in\/vagas\/wp-content\/uploads\/2024\/05\/neve-marketing-agency-15.png 600w, https:\/\/outk.in\/vagas\/wp-content\/uploads\/2024\/05\/neve-marketing-agency-15-300x300.png 300w, https:\/\/outk.in\/vagas\/wp-content\/uploads\/2024\/05\/neve-marketing-agency-15-150x150.png 150w\" sizes=\"auto, (max-width: 600px) 100vw, 600px\" \/><\/figure>\n\n\n\n<div style=\"height:24px\" aria-hidden=\"true\" class=\"wp-block-spacer\"><\/div>\n\n\n\n<h3 class=\"wp-block-heading has-text-align-left has-neve-text-color-color has-text-color\">ALTOS GANHOS<\/h3>\n\n\n\n<p>Somos um centro t\u00e2ntrico de alto padr\u00e3o que proporciona\u00a0 excelentes ganhos financeiros.<\/p>\n<\/div>\n\n\n\n<div class=\"wp-block-column is-vertically-aligned-center is-layout-flow wp-block-column-is-layout-flow\" style=\"padding-right:var(--wp--preset--spacing--30);padding-left:var(--wp--preset--spacing--30);flex-basis:33.34%\">\n<figure class=\"wp-block-image size-full has-custom-border\"><a href=\"https:\/\/outk.in\/vagas\/portfolio-single\/\"><img loading=\"lazy\" decoding=\"async\" width=\"600\" height=\"600\" src=\"https:\/\/outk.in\/vagas\/wp-content\/uploads\/2024\/05\/neve-marketing-agency-13.png\" alt=\"\" class=\"wp-image-706\" style=\"border-radius:16px\" srcset=\"https:\/\/outk.in\/vagas\/wp-content\/uploads\/2024\/05\/neve-marketing-agency-13.png 600w, https:\/\/outk.in\/vagas\/wp-content\/uploads\/2024\/05\/neve-marketing-agency-13-300x300.png 300w, https:\/\/outk.in\/vagas\/wp-content\/uploads\/2024\/05\/neve-marketing-agency-13-150x150.png 150w\" sizes=\"auto, (max-width: 600px) 100vw, 600px\" \/><\/a><\/figure>\n\n\n\n<div style=\"height:24px\" aria-hidden=\"true\" class=\"wp-block-spacer\"><\/div>\n\n\n\n<h3 class=\"wp-block-heading has-text-align-left has-neve-text-color-color has-text-color\">PAGAMENTOS SEMANAIS<\/h3>\n\n\n\n<p>Aqui voc\u00ea recebe pelos seus atendimentos semanalmente, te ajudando a programar melhor a sua vida financeira.<\/p>\n<\/div>\n\n\n\n<div class=\"wp-block-column is-vertically-aligned-center is-layout-flow wp-block-column-is-layout-flow\" style=\"padding-right:var(--wp--preset--spacing--30);padding-left:var(--wp--preset--spacing--30);flex-basis:33.34%\">\n<figure class=\"wp-block-image size-full has-custom-border\"><a href=\"https:\/\/outk.in\/vagas\/portfolio-single\/\"><img loading=\"lazy\" decoding=\"async\" width=\"600\" height=\"600\" src=\"https:\/\/outk.in\/vagas\/wp-content\/uploads\/2024\/05\/neve-marketing-agency-13.png\" alt=\"\" class=\"wp-image-706\" style=\"border-radius:16px\" srcset=\"https:\/\/outk.in\/vagas\/wp-content\/uploads\/2024\/05\/neve-marketing-agency-13.png 600w, https:\/\/outk.in\/vagas\/wp-content\/uploads\/2024\/05\/neve-marketing-agency-13-300x300.png 300w, https:\/\/outk.in\/vagas\/wp-content\/uploads\/2024\/05\/neve-marketing-agency-13-150x150.png 150w\" sizes=\"auto, (max-width: 600px) 100vw, 600px\" \/><\/a><\/figure>\n\n\n\n<div style=\"height:24px\" aria-hidden=\"true\" class=\"wp-block-spacer\"><\/div>\n\n\n\n<h3 class=\"wp-block-heading has-text-align-left has-neve-text-color-color has-text-color\">\u00d3TIMO AMBIENTE DE TRABALHO\u00a0<\/h3>\n\n\n\n<p>Nossa equipe \u00e9 bem acolhedora e busca sempre ajudar no desenvolvimento de novos colegas.<\/p>\n<\/div>\n<\/div>\n<\/div><\/div>\n<\/div><\/div>\n\n\n\n<div class=\"wp-block-cover alignfull has-nv-text-dark-bg-color has-text-color has-link-color wp-elements-3d009d5c9d06ac857c507668e96a5441\" style=\"padding-top:var(--wp--preset--spacing--80);padding-bottom:var(--wp--preset--spacing--80);min-height:420px;aspect-ratio:unset;\"><span aria-hidden=\"true\" class=\"wp-block-cover__background has-nv-dark-bg-background-color has-background-dim-100 has-background-dim\"><\/span><div class=\"wp-block-cover__inner-container is-layout-flow wp-block-cover-is-layout-flow\">\n<div class=\"wp-block-columns is-layout-flex wp-container-core-columns-is-layout-9d6595d7 wp-block-columns-is-layout-flex\">\n<div class=\"wp-block-column ticss-4ce656f1 is-layout-flow wp-block-column-is-layout-flow\"><div class=\"wp-block-image is-style-rounded\">\n<figure class=\"aligncenter size-full is-resized\"><img loading=\"lazy\" decoding=\"async\" width=\"80\" height=\"80\" src=\"https:\/\/outk.in\/vagas\/wp-content\/uploads\/2024\/05\/neve-marketing-agency-04.png\" alt=\"\" class=\"wp-image-697\" style=\"width:80px;height:80px\"\/><\/figure>\n<\/div>\n\n\n<div style=\"height:24px\" aria-hidden=\"true\" class=\"wp-block-spacer\"><\/div>\n\n\n\n<p class=\"has-text-align-center has-nv-text-dark-bg-color has-text-color has-link-color wp-elements-648bcc8f8c6bd1ded8f1b4e680217d45\">\u201cWe saw a significant increase in website traffic and sales within just a few months. I recommend the marketing agency.\u201c<\/p>\n\n\n\n<p class=\"has-text-align-center has-nv-text-dark-bg-color has-text-color has-small-font-size\" style=\"text-transform:uppercase\"><strong>Janet Morris<\/strong><\/p>\n<\/div>\n\n\n\n<div class=\"wp-block-column ticss-f6fc7494 is-layout-flow wp-block-column-is-layout-flow\"><div class=\"wp-block-image is-style-rounded\">\n<figure class=\"aligncenter size-full is-resized\"><img loading=\"lazy\" decoding=\"async\" width=\"80\" height=\"80\" src=\"https:\/\/outk.in\/vagas\/wp-content\/uploads\/2024\/05\/neve-marketing-agency-03.png\" alt=\"\" class=\"wp-image-696\" style=\"width:80px;height:80px\"\/><\/figure>\n<\/div>\n\n\n<div style=\"height:24px\" aria-hidden=\"true\" class=\"wp-block-spacer\"><\/div>\n\n\n\n<p class=\"has-text-align-center has-nv-text-dark-bg-color has-text-color\">\u201cThe agency completely transformed our strategy. They&#8217;re a true marketing partner, and we&#8217;re thrilled with the results.\u201d<\/p>\n\n\n\n<p class=\"has-text-align-center has-nv-text-dark-bg-color has-text-color has-small-font-size\" style=\"text-transform:uppercase\"><strong>Willie Brown<\/strong><\/p>\n<\/div>\n\n\n\n<div class=\"wp-block-column ticss-a5b4df29 is-layout-flow wp-block-column-is-layout-flow\"><div class=\"wp-block-image is-style-rounded\">\n<figure class=\"aligncenter size-full is-resized\"><img loading=\"lazy\" decoding=\"async\" width=\"80\" height=\"80\" src=\"https:\/\/outk.in\/vagas\/wp-content\/uploads\/2024\/05\/neve-marketing-agency-02.png\" alt=\"\" class=\"wp-image-695\" style=\"width:80px;height:80px\"\/><\/figure>\n<\/div>\n\n\n<div style=\"height:24px\" aria-hidden=\"true\" class=\"wp-block-spacer\"><\/div>\n\n\n\n<p class=\"has-text-align-center has-nv-text-dark-bg-color has-text-color\">\u201cTheir expertise and their data-driven approach allowed us to optimize our campaigns for maximum impact.\u201d<\/p>\n\n\n\n<p class=\"has-text-align-center has-nv-text-dark-bg-color has-text-color has-small-font-size\" style=\"text-transform:uppercase\"><strong>MARIA STEVENS<\/strong><\/p>\n<\/div>\n<\/div>\n\n\n\n<div style=\"height:0px\" aria-hidden=\"true\" class=\"wp-block-spacer\"><\/div>\n<\/div><\/div>\n\n\n\n<div class=\"wp-block-cover alignfull\" style=\"padding-top:var(--wp--preset--spacing--80);padding-bottom:var(--wp--preset--spacing--80);min-height:600px;aspect-ratio:unset;\"><span aria-hidden=\"true\" class=\"wp-block-cover__background has-nv-site-bg-background-color has-background-dim-100 has-background-dim\"><\/span><div class=\"wp-block-cover__inner-container is-layout-flow wp-block-cover-is-layout-flow\">\n<div class=\"wp-block-group\"><div class=\"wp-block-group__inner-container is-layout-flow wp-block-group-is-layout-flow\">\n<div class=\"wp-block-columns are-vertically-aligned-center is-layout-flex wp-container-core-columns-is-layout-9d6595d7 wp-block-columns-is-layout-flex\">\n<div class=\"wp-block-column is-vertically-aligned-center is-layout-flow wp-block-column-is-layout-flow\" style=\"padding-right:var(--wp--preset--spacing--30);padding-left:var(--wp--preset--spacing--30);flex-basis:50%\">\n<figure class=\"wp-block-image size-full has-custom-border is-style-default\"><img loading=\"lazy\" decoding=\"async\" width=\"600\" height=\"600\" src=\"https:\/\/outk.in\/vagas\/wp-content\/uploads\/2024\/05\/neve-marketing-agency-12.png\" alt=\"\" class=\"wp-image-705\" style=\"border-radius:16px\" srcset=\"https:\/\/outk.in\/vagas\/wp-content\/uploads\/2024\/05\/neve-marketing-agency-12.png 600w, https:\/\/outk.in\/vagas\/wp-content\/uploads\/2024\/05\/neve-marketing-agency-12-300x300.png 300w, https:\/\/outk.in\/vagas\/wp-content\/uploads\/2024\/05\/neve-marketing-agency-12-150x150.png 150w\" sizes=\"auto, (max-width: 600px) 100vw, 600px\" \/><\/figure>\n<\/div>\n\n\n\n<div class=\"wp-block-column is-vertically-aligned-center is-layout-flow wp-block-column-is-layout-flow\" style=\"padding-right:var(--wp--preset--spacing--30);padding-left:var(--wp--preset--spacing--30);flex-basis:50%\">\n<div style=\"height:20px\" aria-hidden=\"true\" class=\"wp-block-spacer\"><\/div>\n\n\n\n<h2 class=\"wp-block-heading has-text-align-left has-neve-text-color-color has-text-color\">PERFIL QUE BUSCAMOS<\/h2>\n\n\n\n<p class=\"has-text-align-left has-neve-text-color-color has-text-color\" style=\"font-size:17px\">Sexo feminino<\/p>\n\n\n\n<p>Idade acima de 21 anos<\/p>\n\n\n\n<p>Ensino Superior (completo ou em andamento)<\/p>\n\n\n\n<p>N\u00e3o-fumante<\/p>\n\n\n\n<p>Seja comprometida e pontual<\/p>\n\n\n\n<p>Tenha ambi\u00e7\u00e3o profissional<\/p>\n\n\n\n<p>Esteja disposta a se capacitar constantemente<\/p>\n\n\n\n<p>Goste de trabalhar com p\u00fablico<\/p>\n\n\n\n<p>Seja din\u00e2mica e comunicativa<\/p>\n\n\n\n<p>Tenha cuidado com a apar\u00eancia<\/p>\n\n\n\n<p class=\"has-text-align-left has-neve-text-color-color has-text-color\" style=\"font-size:17px\">Conhecimentos em terapias t\u00e2ntricas ou hol\u00edsticas ser\u00e1 um diferencial<\/p>\n\n\n\n<div class=\"wp-block-buttons has-custom-font-size has-small-font-size is-content-justification-left is-layout-flex wp-container-core-buttons-is-layout-fdcfc74e wp-block-buttons-is-layout-flex\">\n<div class=\"wp-block-button is-style-default\"><a class=\"wp-block-button__link has-nv-text-dark-bg-color has-neve-link-color-background-color has-text-color has-background has-link-color has-custom-font-size wp-element-button\" href=\"https:\/\/outk.in\/vagas\/portfolio-single\/\" style=\"font-size:16px\">Learn more<\/a><\/div>\n<\/div>\n<\/div>\n<\/div>\n<\/div><\/div>\n<\/div><\/div>\n\n\n\n<div class=\"wp-block-cover alignfull\" style=\"padding-top:var(--wp--preset--spacing--80);padding-bottom:var(--wp--preset--spacing--80);min-height:300px;aspect-ratio:unset;\"><span aria-hidden=\"true\" class=\"wp-block-cover__background has-neve-link-color-background-color has-background-dim-100 has-background-dim\"><\/span><div class=\"wp-block-cover__inner-container is-layout-flow wp-block-cover-is-layout-flow\">\n<div class=\"wp-block-columns is-layout-flex wp-container-core-columns-is-layout-9d6595d7 wp-block-columns-is-layout-flex\">\n<div class=\"wp-block-column is-layout-flow wp-block-column-is-layout-flow\" style=\"flex-basis:20%\"><\/div>\n\n\n\n<div class=\"wp-block-column is-layout-flow wp-block-column-is-layout-flow\" style=\"flex-basis:60%\">\n<div class=\"wp-block-group\"><div class=\"wp-block-group__inner-container is-layout-constrained wp-block-group-is-layout-constrained\">\n<h2 class=\"wp-block-heading has-text-align-center has-nv-text-dark-bg-color has-text-color\"><em><strong>CANDIDATURA APENAS PELO WHATSAPP<\/strong><\/em><\/h2>\n\n\n\n<p class=\"has-text-align-center has-nv-text-dark-bg-color has-text-color has-link-color wp-elements-aec10cf36ddec1f203c7562f6e78cc7c\">Ready to take your brand to the next level? Partner with us to create innovative marketing strategies, drive meaningful engagement, and achieve measurable results. Let\u2019s turn your vision into reality\u2014together.<\/p>\n\n\n\n<div class=\"wp-block-buttons is-horizontal is-content-justification-center is-layout-flex wp-container-core-buttons-is-layout-499968f5 wp-block-buttons-is-layout-flex\">\n<div class=\"wp-block-button is-style-primary\"><a class=\"wp-block-button__link has-neve-link-color-color has-text-color has-background has-link-color wp-element-button\" href=\"https:\/\/outk.in\/vagas\/maintenance-plans\/\" style=\"background-color:#ffffff\">Enviar Curriculo<\/a><\/div>\n<\/div>\n<\/div><\/div>\n<\/div>\n\n\n\n<div class=\"wp-block-column is-layout-flow wp-block-column-is-layout-flow\" style=\"flex-basis:20%\"><\/div>\n<\/div>\n<\/div><\/div>\n","protected":false},"excerpt":{"rendered":"","protected":false},"author":1,"featured_media":0,"parent":0,"menu_order":0,"comment_status":"closed","ping_status":"closed","template":"","meta":{"neve_meta_sidebar":"default","neve_meta_container":"default","neve_meta_enable_content_width":"on","neve_meta_content_width":100,"neve_meta_title_alignment":"","neve_meta_author_avatar":"","neve_post_elements_order":"","neve_meta_disable_header":"","neve_meta_disable_footer":"","neve_meta_disable_title":"on","_themeisle_gutenberg_block_has_review":false,"footnotes":""},"class_list":["post-945","page","type-page","status-publish","hentry"],"_links":{"self":[{"href":"https:\/\/outk.in\/vagas\/wp-json\/wp\/v2\/pages\/945","targetHints":{"allow":["GET"]}}],"collection":[{"href":"https:\/\/outk.in\/vagas\/wp-json\/wp\/v2\/pages"}],"about":[{"href":"https:\/\/outk.in\/vagas\/wp-json\/wp\/v2\/types\/page"}],"author":[{"embeddable":true,"href":"https:\/\/outk.in\/vagas\/wp-json\/wp\/v2\/users\/1"}],"replies":[{"embeddable":true,"href":"https:\/\/outk.in\/vagas\/wp-json\/wp\/v2\/comments?post=945"}],"version-history":[{"count":3,"href":"https:\/\/outk.in\/vagas\/wp-json\/wp\/v2\/pages\/945\/revisions"}],"predecessor-version":[{"id":965,"href":"https:\/\/outk.in\/vagas\/wp-json\/wp\/v2\/pages\/945\/revisions\/965"}],"wp:attachment":[{"href":"https:\/\/outk.in\/vagas\/wp-json\/wp\/v2\/media?parent=945"}],"curies":[{"name":"wp","href":"https:\/\/api.w.org\/{rel}","templated":true}]}}